{"id":21,"date":"2024-06-08T08:17:59","date_gmt":"2024-06-08T07:17:59","guid":{"rendered":"https:\/\/boubou23.com\/accueil\/?page_id=21"},"modified":"2024-09-11T17:36:00","modified_gmt":"2024-09-11T16:36:00","slug":"contact","status":"publish","type":"page","link":"https:\/\/boubou23.com\/accueil\/contact\/","title":{"rendered":"Contact"},"content":{"rendered":"\n<p><h4>Veuillez remplir ce formulaire :<\/h4><\/p>\n\n\n\n<div class=\"wpcf7 no-js\" id=\"wpcf7-f1794-o1\" lang=\"fr-FR\" dir=\"ltr\" data-wpcf7-id=\"1794\">\n<div class=\"screen-reader-response\"><p role=\"status\" aria-live=\"polite\" aria-atomic=\"true\"><\/p> <ul><\/ul><\/div>\n<form action=\"\/accueil\/wp-json\/wp\/v2\/pages\/21#wpcf7-f1794-o1\" method=\"post\" class=\"wpcf7-form init\" aria-label=\"Formulaire de contact\" novalidate=\"novalidate\" data-status=\"init\">\n<fieldset class=\"hidden-fields-container\"><input type=\"hidden\" name=\"_wpcf7\" value=\"1794\" \/><input type=\"hidden\" name=\"_wpcf7_version\" value=\"6.1.5\" \/><input type=\"hidden\" name=\"_wpcf7_locale\" value=\"fr_FR\" \/><input type=\"hidden\" name=\"_wpcf7_unit_tag\" value=\"wpcf7-f1794-o1\" \/><input type=\"hidden\" name=\"_wpcf7_container_post\" value=\"0\" \/><input type=\"hidden\" name=\"_wpcf7_posted_data_hash\" value=\"\" \/><input type=\"hidden\" name=\"_wpcf7_recaptcha_response\" value=\"\" \/>\n<\/fieldset>\n<p><label> Nom et Pr\u00e9nom<br \/>\n<span class=\"wpcf7-form-control-wrap\" data-name=\"your-name\"><input size=\"40\" maxlength=\"400\" class=\"wpcf7-form-control wpcf7-text wpcf7-validates-as-required\" autocomplete=\"name\" aria-required=\"true\" aria-invalid=\"false\" value=\"\" type=\"text\" name=\"your-name\" \/><\/span> <\/label>\n<\/p>\n<p><label> Pays \u2013 Ville<br \/>\n<span class=\"wpcf7-form-control-wrap\" data-name=\"text-538\"><input size=\"40\" maxlength=\"400\" class=\"wpcf7-form-control wpcf7-text wpcf7-validates-as-required\" aria-required=\"true\" aria-invalid=\"false\" value=\"\" type=\"text\" name=\"text-538\" \/><\/span> <\/label>\n<\/p>\n<p><label> E-mail<br \/>\n<span class=\"wpcf7-form-control-wrap\" data-name=\"your-email\"><input size=\"40\" maxlength=\"400\" class=\"wpcf7-form-control wpcf7-email wpcf7-validates-as-required wpcf7-text wpcf7-validates-as-email\" autocomplete=\"email\" aria-required=\"true\" aria-invalid=\"false\" value=\"\" type=\"email\" name=\"your-email\" \/><\/span> <\/label>\n<\/p>\n<p><label> Votre message<br \/>\n<span class=\"wpcf7-form-control-wrap\" data-name=\"your-message\"><textarea cols=\"40\" rows=\"10\" maxlength=\"2000\" class=\"wpcf7-form-control wpcf7-textarea wpcf7-validates-as-required\" aria-required=\"true\" aria-invalid=\"false\" name=\"your-message\"><\/textarea><\/span> <\/label>\n<\/p>\n<p><input class=\"wpcf7-form-control wpcf7-submit has-spinner\" type=\"submit\" value=\"Envoyer\" \/>\n<\/p><p style=\"display: none !important;\" class=\"akismet-fields-container\" data-prefix=\"_wpcf7_ak_\"><label>&#916;<textarea name=\"_wpcf7_ak_hp_textarea\" cols=\"45\" rows=\"8\" maxlength=\"100\"><\/textarea><\/label><input type=\"hidden\" id=\"ak_js_1\" name=\"_wpcf7_ak_js\" value=\"220\"\/><script>document.getElementById( \"ak_js_1\" ).setAttribute( \"value\", ( new Date() ).getTime() );<\/script><\/p><div class=\"wpcf7-response-output\" aria-hidden=\"true\"><\/div>\n<\/form>\n<\/div>\n\n\n\n<p>Ce site est prot\u00e9g\u00e9 par reCAPTCHA. La <a href=\"https:\/\/policies.google.com\/privacy\" target=\"_blank\" rel=\"noopener\">politique de confidentialit\u00e9 <\/a>et les <a href=\"https:\/\/policies.google.com\/terms\" target=\"_blank\" rel=\"noopener\"> conditions d&rsquo;utilisation de Google s&rsquo;appliquent.<\/a><\/p>\n\n\n<p class=\"has-vivid-cyan-blue-color has-text-color has-link-color wp-elements-05632029db11419b895fe2527d27a9af\"><\/p>\n","protected":false},"excerpt":{"rendered":"<p>Veuillez remplir ce formulaire : Ce site est prot\u00e9g\u00e9 par reCAPTCHA. La politique de confidentialit\u00e9 et les conditions d&rsquo;utilisation de Google s&rsquo;appliquent.<\/p>\n","protected":false},"author":1,"featured_media":0,"parent":0,"menu_order":0,"comment_status":"closed","ping_status":"closed","template":"","meta":{"_uf_show_specific_survey":0,"_uf_disable_surveys":false,"footnotes":""},"class_list":["post-21","page","type-page","status-publish","hentry","entry"],"yoast_head":"<!-- This site is optimized with the Yoast SEO plugin v27.0 - https:\/\/yoast.com\/product\/yoast-seo-wordpress\/ -->\n<title>Contact - developpement personnel<\/title>\n<meta name=\"robots\" content=\"index, follow, max-snippet:-1, max-image-preview:large, max-video-preview:-1\" \/>\n<link rel=\"canonical\" href=\"https:\/\/boubou23.com\/accueil\/contact\/\" \/>\n<meta property=\"og:locale\" content=\"fr_FR\" \/>\n<meta property=\"og:type\" content=\"article\" \/>\n<meta property=\"og:title\" content=\"Contact - developpement personnel\" \/>\n<meta property=\"og:description\" content=\"Veuillez remplir ce formulaire : Ce site est prot\u00e9g\u00e9 par reCAPTCHA. La politique de confidentialit\u00e9 et les conditions d&rsquo;utilisation de Google s&rsquo;appliquent.\" \/>\n<meta property=\"og:url\" content=\"https:\/\/boubou23.com\/accueil\/contact\/\" \/>\n<meta property=\"og:site_name\" content=\"developpement personnel\" \/>\n<meta property=\"article:modified_time\" content=\"2024-09-11T16:36:00+00:00\" \/>\n<meta name=\"twitter:card\" content=\"summary_large_image\" \/>\n<meta name=\"twitter:label1\" content=\"Dur\u00e9e de lecture estim\u00e9e\" \/>\n\t<meta name=\"twitter:data1\" content=\"1 minute\" \/>\n<script type=\"application\/ld+json\" class=\"yoast-schema-graph\">{\"@context\":\"https:\/\/schema.org\",\"@graph\":[{\"@type\":\"WebPage\",\"@id\":\"https:\/\/boubou23.com\/accueil\/contact\/\",\"url\":\"https:\/\/boubou23.com\/accueil\/contact\/\",\"name\":\"Contact - developpement personnel\",\"isPartOf\":{\"@id\":\"https:\/\/boubou23.com\/accueil\/#website\"},\"datePublished\":\"2024-06-08T07:17:59+00:00\",\"dateModified\":\"2024-09-11T16:36:00+00:00\",\"breadcrumb\":{\"@id\":\"https:\/\/boubou23.com\/accueil\/contact\/#breadcrumb\"},\"inLanguage\":\"fr-FR\",\"potentialAction\":[{\"@type\":\"ReadAction\",\"target\":[\"https:\/\/boubou23.com\/accueil\/contact\/\"]}]},{\"@type\":\"BreadcrumbList\",\"@id\":\"https:\/\/boubou23.com\/accueil\/contact\/#breadcrumb\",\"itemListElement\":[{\"@type\":\"ListItem\",\"position\":1,\"name\":\"Accueil\",\"item\":\"https:\/\/boubou23.com\/accueil\/\"},{\"@type\":\"ListItem\",\"position\":2,\"name\":\"Contact\"}]},{\"@type\":\"WebSite\",\"@id\":\"https:\/\/boubou23.com\/accueil\/#website\",\"url\":\"https:\/\/boubou23.com\/accueil\/\",\"name\":\"boubou23\",\"description\":\"d\u00e9veloppement- personnel\",\"publisher\":{\"@id\":\"https:\/\/boubou23.com\/accueil\/#organization\"},\"alternateName\":\"le d\u00e9veloppement personnel\",\"potentialAction\":[{\"@type\":\"SearchAction\",\"target\":{\"@type\":\"EntryPoint\",\"urlTemplate\":\"https:\/\/boubou23.com\/accueil\/?s={search_term_string}\"},\"query-input\":{\"@type\":\"PropertyValueSpecification\",\"valueRequired\":true,\"valueName\":\"search_term_string\"}}],\"inLanguage\":\"fr-FR\"},{\"@type\":\"Organization\",\"@id\":\"https:\/\/boubou23.com\/accueil\/#organization\",\"name\":\"boubou23\",\"alternateName\":\"boubou23\",\"url\":\"https:\/\/boubou23.com\/accueil\/\",\"logo\":{\"@type\":\"ImageObject\",\"inLanguage\":\"fr-FR\",\"@id\":\"https:\/\/boubou23.com\/accueil\/#\/schema\/logo\/image\/\",\"url\":\"https:\/\/boubou23.com\/wp-content\/uploads\/2024\/06\/b-1.jpg\",\"contentUrl\":\"https:\/\/boubou23.com\/wp-content\/uploads\/2024\/06\/b-1.jpg\",\"width\":500,\"height\":500,\"caption\":\"boubou23\"},\"image\":{\"@id\":\"https:\/\/boubou23.com\/accueil\/#\/schema\/logo\/image\/\"}}]}<\/script>\n<!-- \/ Yoast SEO plugin. -->","yoast_head_json":{"title":"Contact - developpement personnel","robots":{"index":"index","follow":"follow","max-snippet":"max-snippet:-1","max-image-preview":"max-image-preview:large","max-video-preview":"max-video-preview:-1"},"canonical":"https:\/\/boubou23.com\/accueil\/contact\/","og_locale":"fr_FR","og_type":"article","og_title":"Contact - developpement personnel","og_description":"Veuillez remplir ce formulaire : Ce site est prot\u00e9g\u00e9 par reCAPTCHA. La politique de confidentialit\u00e9 et les conditions d&rsquo;utilisation de Google s&rsquo;appliquent.","og_url":"https:\/\/boubou23.com\/accueil\/contact\/","og_site_name":"developpement personnel","article_modified_time":"2024-09-11T16:36:00+00:00","twitter_card":"summary_large_image","twitter_misc":{"Dur\u00e9e de lecture estim\u00e9e":"1 minute"},"schema":{"@context":"https:\/\/schema.org","@graph":[{"@type":"WebPage","@id":"https:\/\/boubou23.com\/accueil\/contact\/","url":"https:\/\/boubou23.com\/accueil\/contact\/","name":"Contact - developpement personnel","isPartOf":{"@id":"https:\/\/boubou23.com\/accueil\/#website"},"datePublished":"2024-06-08T07:17:59+00:00","dateModified":"2024-09-11T16:36:00+00:00","breadcrumb":{"@id":"https:\/\/boubou23.com\/accueil\/contact\/#breadcrumb"},"inLanguage":"fr-FR","potentialAction":[{"@type":"ReadAction","target":["https:\/\/boubou23.com\/accueil\/contact\/"]}]},{"@type":"BreadcrumbList","@id":"https:\/\/boubou23.com\/accueil\/contact\/#breadcrumb","itemListElement":[{"@type":"ListItem","position":1,"name":"Accueil","item":"https:\/\/boubou23.com\/accueil\/"},{"@type":"ListItem","position":2,"name":"Contact"}]},{"@type":"WebSite","@id":"https:\/\/boubou23.com\/accueil\/#website","url":"https:\/\/boubou23.com\/accueil\/","name":"boubou23","description":"d\u00e9veloppement- personnel","publisher":{"@id":"https:\/\/boubou23.com\/accueil\/#organization"},"alternateName":"le d\u00e9veloppement personnel","potentialAction":[{"@type":"SearchAction","target":{"@type":"EntryPoint","urlTemplate":"https:\/\/boubou23.com\/accueil\/?s={search_term_string}"},"query-input":{"@type":"PropertyValueSpecification","valueRequired":true,"valueName":"search_term_string"}}],"inLanguage":"fr-FR"},{"@type":"Organization","@id":"https:\/\/boubou23.com\/accueil\/#organization","name":"boubou23","alternateName":"boubou23","url":"https:\/\/boubou23.com\/accueil\/","logo":{"@type":"ImageObject","inLanguage":"fr-FR","@id":"https:\/\/boubou23.com\/accueil\/#\/schema\/logo\/image\/","url":"https:\/\/boubou23.com\/wp-content\/uploads\/2024\/06\/b-1.jpg","contentUrl":"https:\/\/boubou23.com\/wp-content\/uploads\/2024\/06\/b-1.jpg","width":500,"height":500,"caption":"boubou23"},"image":{"@id":"https:\/\/boubou23.com\/accueil\/#\/schema\/logo\/image\/"}}]}},"_links":{"self":[{"href":"https:\/\/boubou23.com\/accueil\/wp-json\/wp\/v2\/pages\/21","targetHints":{"allow":["GET"]}}],"collection":[{"href":"https:\/\/boubou23.com\/accueil\/wp-json\/wp\/v2\/pages"}],"about":[{"href":"https:\/\/boubou23.com\/accueil\/wp-json\/wp\/v2\/types\/page"}],"author":[{"embeddable":true,"href":"https:\/\/boubou23.com\/accueil\/wp-json\/wp\/v2\/users\/1"}],"replies":[{"embeddable":true,"href":"https:\/\/boubou23.com\/accueil\/wp-json\/wp\/v2\/comments?post=21"}],"version-history":[{"count":20,"href":"https:\/\/boubou23.com\/accueil\/wp-json\/wp\/v2\/pages\/21\/revisions"}],"predecessor-version":[{"id":2528,"href":"https:\/\/boubou23.com\/accueil\/wp-json\/wp\/v2\/pages\/21\/revisions\/2528"}],"wp:attachment":[{"href":"https:\/\/boubou23.com\/accueil\/wp-json\/wp\/v2\/media?parent=21"}],"curies":[{"name":"wp","href":"https:\/\/api.w.org\/{rel}","templated":true}]}}