{"id":19,"date":"2024-06-08T08:17:23","date_gmt":"2024-06-08T07:17:23","guid":{"rendered":"https:\/\/boubou23.com\/accueil\/?page_id=19"},"modified":"2024-07-27T04:06:01","modified_gmt":"2024-07-27T03:06:01","slug":"apropos","status":"publish","type":"page","link":"https:\/\/boubou23.com\/accueil\/apropos\/","title":{"rendered":"A propos"},"content":{"rendered":"<h1>Qui sommes-nous?<\/h1>\n<p>Bienvenue sur boubou23, votre compagnon dans le voyage du d\u00e9veloppement personnel.<br \/>\nNous croyons que chaque individu poss\u00e8de un potentiel illimit\u00e9. Notre mission est de vous fournir les outils, les ressources et l&rsquo;inspiration n\u00e9cessaires pour lib\u00e9rer ce potentiel et cr\u00e9er la vie que vous d\u00e9sirez vraiment.<br \/>\nNous adoptons une approche holistique du d\u00e9veloppement personnel, en reconnaissant que chaque aspect de votre vie est interconnect\u00e9. Nos contenus couvrent un large \u00e9ventail de sujets, dont :<\/p>\n<h1>Domaines de d\u00e9veloppement personnel<\/h1>\n<ul>\n<li>La croissance personnelle<\/li>\n<li>La gestion du stress et le bien-\u00eatre mental<\/li>\n<li>L&rsquo;am\u00e9lioration des relations<\/li>\n<li>La productivit\u00e9 et la gestion du temps<\/li>\n<li>La d\u00e9couverte de sa passion et de son but<\/li>\n<li>Le d\u00e9veloppement de la confiance en soi<\/li>\n<\/ul>\n<p>Nous vous fournissons des contenus de qualit\u00e9, bas\u00e9s sur des recherches scientifiques et des pratiques \u00e9prouv\u00e9es.<br \/>\nNous cr\u00e9ons une communaut\u00e9 bienveillante o\u00f9 chacun peut partager, apprendre et grandir.<br \/>\nRestez \u00e0 l&rsquo;\u00e9coute de vos besoins et adaptez continuellement nos ressources pour mieux vous servir.<br \/>\nExplorez nos articles, participez \u00e0 nos webinaires, et rejoignez notre communaut\u00e9 pour transformer votre vie, un pas \u00e0 la fois.<br \/>\nEnsemble, ouvrons de nouveaux horizons !<\/p>\n","protected":false},"excerpt":{"rendered":"<p>Qui sommes-nous? Bienvenue sur boubou23, votre compagnon dans le voyage du d\u00e9veloppement personnel. Nous croyons que chaque individu poss\u00e8de un potentiel illimit\u00e9. Notre mission est de vous fournir les outils, les ressources et l&rsquo;inspiration n\u00e9cessaires pour lib\u00e9rer ce potentiel et cr\u00e9er la vie que vous d\u00e9sirez vraiment. Nous adoptons une approche holistique du d\u00e9veloppement personnel, [&hellip;]<\/p>\n","protected":false},"author":1,"featured_media":0,"parent":0,"menu_order":0,"comment_status":"closed","ping_status":"closed","template":"","meta":{"_uf_show_specific_survey":0,"_uf_disable_surveys":false,"footnotes":""},"class_list":["post-19","page","type-page","status-publish","hentry","entry"],"yoast_head":"<!-- This site is optimized with the Yoast SEO plugin v27.0 - https:\/\/yoast.com\/product\/yoast-seo-wordpress\/ -->\n<title>A propos - developpement personnel<\/title>\n<meta name=\"robots\" content=\"index, follow, max-snippet:-1, max-image-preview:large, max-video-preview:-1\" \/>\n<link rel=\"canonical\" href=\"https:\/\/boubou23.com\/accueil\/apropos\/\" \/>\n<meta property=\"og:locale\" content=\"fr_FR\" \/>\n<meta property=\"og:type\" content=\"article\" \/>\n<meta property=\"og:title\" content=\"A propos - developpement personnel\" \/>\n<meta property=\"og:description\" content=\"Qui sommes-nous? Bienvenue sur boubou23, votre compagnon dans le voyage du d\u00e9veloppement personnel. Nous croyons que chaque individu poss\u00e8de un potentiel illimit\u00e9. Notre mission est de vous fournir les outils, les ressources et l&rsquo;inspiration n\u00e9cessaires pour lib\u00e9rer ce potentiel et cr\u00e9er la vie que vous d\u00e9sirez vraiment. Nous adoptons une approche holistique du d\u00e9veloppement personnel, [&hellip;]\" \/>\n<meta property=\"og:url\" content=\"https:\/\/boubou23.com\/accueil\/apropos\/\" \/>\n<meta property=\"og:site_name\" content=\"developpement personnel\" \/>\n<meta property=\"article:modified_time\" content=\"2024-07-27T03:06:01+00:00\" \/>\n<meta name=\"twitter:card\" content=\"summary_large_image\" \/>\n<meta name=\"twitter:label1\" content=\"Dur\u00e9e de lecture estim\u00e9e\" \/>\n\t<meta name=\"twitter:data1\" content=\"1 minute\" \/>\n<script type=\"application\/ld+json\" class=\"yoast-schema-graph\">{\"@context\":\"https:\/\/schema.org\",\"@graph\":[{\"@type\":\"WebPage\",\"@id\":\"https:\/\/boubou23.com\/accueil\/apropos\/\",\"url\":\"https:\/\/boubou23.com\/accueil\/apropos\/\",\"name\":\"A propos - developpement personnel\",\"isPartOf\":{\"@id\":\"https:\/\/boubou23.com\/accueil\/#website\"},\"datePublished\":\"2024-06-08T07:17:23+00:00\",\"dateModified\":\"2024-07-27T03:06:01+00:00\",\"breadcrumb\":{\"@id\":\"https:\/\/boubou23.com\/accueil\/apropos\/#breadcrumb\"},\"inLanguage\":\"fr-FR\",\"potentialAction\":[{\"@type\":\"ReadAction\",\"target\":[\"https:\/\/boubou23.com\/accueil\/apropos\/\"]}]},{\"@type\":\"BreadcrumbList\",\"@id\":\"https:\/\/boubou23.com\/accueil\/apropos\/#breadcrumb\",\"itemListElement\":[{\"@type\":\"ListItem\",\"position\":1,\"name\":\"Accueil\",\"item\":\"https:\/\/boubou23.com\/accueil\/\"},{\"@type\":\"ListItem\",\"position\":2,\"name\":\"A propos\"}]},{\"@type\":\"WebSite\",\"@id\":\"https:\/\/boubou23.com\/accueil\/#website\",\"url\":\"https:\/\/boubou23.com\/accueil\/\",\"name\":\"boubou23\",\"description\":\"d\u00e9veloppement- personnel\",\"publisher\":{\"@id\":\"https:\/\/boubou23.com\/accueil\/#organization\"},\"alternateName\":\"le d\u00e9veloppement personnel\",\"potentialAction\":[{\"@type\":\"SearchAction\",\"target\":{\"@type\":\"EntryPoint\",\"urlTemplate\":\"https:\/\/boubou23.com\/accueil\/?s={search_term_string}\"},\"query-input\":{\"@type\":\"PropertyValueSpecification\",\"valueRequired\":true,\"valueName\":\"search_term_string\"}}],\"inLanguage\":\"fr-FR\"},{\"@type\":\"Organization\",\"@id\":\"https:\/\/boubou23.com\/accueil\/#organization\",\"name\":\"boubou23\",\"alternateName\":\"boubou23\",\"url\":\"https:\/\/boubou23.com\/accueil\/\",\"logo\":{\"@type\":\"ImageObject\",\"inLanguage\":\"fr-FR\",\"@id\":\"https:\/\/boubou23.com\/accueil\/#\/schema\/logo\/image\/\",\"url\":\"https:\/\/boubou23.com\/wp-content\/uploads\/2024\/06\/b-1.jpg\",\"contentUrl\":\"https:\/\/boubou23.com\/wp-content\/uploads\/2024\/06\/b-1.jpg\",\"width\":500,\"height\":500,\"caption\":\"boubou23\"},\"image\":{\"@id\":\"https:\/\/boubou23.com\/accueil\/#\/schema\/logo\/image\/\"}}]}<\/script>\n<!-- \/ Yoast SEO plugin. -->","yoast_head_json":{"title":"A propos - developpement personnel","robots":{"index":"index","follow":"follow","max-snippet":"max-snippet:-1","max-image-preview":"max-image-preview:large","max-video-preview":"max-video-preview:-1"},"canonical":"https:\/\/boubou23.com\/accueil\/apropos\/","og_locale":"fr_FR","og_type":"article","og_title":"A propos - developpement personnel","og_description":"Qui sommes-nous? Bienvenue sur boubou23, votre compagnon dans le voyage du d\u00e9veloppement personnel. Nous croyons que chaque individu poss\u00e8de un potentiel illimit\u00e9. Notre mission est de vous fournir les outils, les ressources et l&rsquo;inspiration n\u00e9cessaires pour lib\u00e9rer ce potentiel et cr\u00e9er la vie que vous d\u00e9sirez vraiment. Nous adoptons une approche holistique du d\u00e9veloppement personnel, [&hellip;]","og_url":"https:\/\/boubou23.com\/accueil\/apropos\/","og_site_name":"developpement personnel","article_modified_time":"2024-07-27T03:06:01+00:00","twitter_card":"summary_large_image","twitter_misc":{"Dur\u00e9e de lecture estim\u00e9e":"1 minute"},"schema":{"@context":"https:\/\/schema.org","@graph":[{"@type":"WebPage","@id":"https:\/\/boubou23.com\/accueil\/apropos\/","url":"https:\/\/boubou23.com\/accueil\/apropos\/","name":"A propos - developpement personnel","isPartOf":{"@id":"https:\/\/boubou23.com\/accueil\/#website"},"datePublished":"2024-06-08T07:17:23+00:00","dateModified":"2024-07-27T03:06:01+00:00","breadcrumb":{"@id":"https:\/\/boubou23.com\/accueil\/apropos\/#breadcrumb"},"inLanguage":"fr-FR","potentialAction":[{"@type":"ReadAction","target":["https:\/\/boubou23.com\/accueil\/apropos\/"]}]},{"@type":"BreadcrumbList","@id":"https:\/\/boubou23.com\/accueil\/apropos\/#breadcrumb","itemListElement":[{"@type":"ListItem","position":1,"name":"Accueil","item":"https:\/\/boubou23.com\/accueil\/"},{"@type":"ListItem","position":2,"name":"A propos"}]},{"@type":"WebSite","@id":"https:\/\/boubou23.com\/accueil\/#website","url":"https:\/\/boubou23.com\/accueil\/","name":"boubou23","description":"d\u00e9veloppement- personnel","publisher":{"@id":"https:\/\/boubou23.com\/accueil\/#organization"},"alternateName":"le d\u00e9veloppement personnel","potentialAction":[{"@type":"SearchAction","target":{"@type":"EntryPoint","urlTemplate":"https:\/\/boubou23.com\/accueil\/?s={search_term_string}"},"query-input":{"@type":"PropertyValueSpecification","valueRequired":true,"valueName":"search_term_string"}}],"inLanguage":"fr-FR"},{"@type":"Organization","@id":"https:\/\/boubou23.com\/accueil\/#organization","name":"boubou23","alternateName":"boubou23","url":"https:\/\/boubou23.com\/accueil\/","logo":{"@type":"ImageObject","inLanguage":"fr-FR","@id":"https:\/\/boubou23.com\/accueil\/#\/schema\/logo\/image\/","url":"https:\/\/boubou23.com\/wp-content\/uploads\/2024\/06\/b-1.jpg","contentUrl":"https:\/\/boubou23.com\/wp-content\/uploads\/2024\/06\/b-1.jpg","width":500,"height":500,"caption":"boubou23"},"image":{"@id":"https:\/\/boubou23.com\/accueil\/#\/schema\/logo\/image\/"}}]}},"_links":{"self":[{"href":"https:\/\/boubou23.com\/accueil\/wp-json\/wp\/v2\/pages\/19","targetHints":{"allow":["GET"]}}],"collection":[{"href":"https:\/\/boubou23.com\/accueil\/wp-json\/wp\/v2\/pages"}],"about":[{"href":"https:\/\/boubou23.com\/accueil\/wp-json\/wp\/v2\/types\/page"}],"author":[{"embeddable":true,"href":"https:\/\/boubou23.com\/accueil\/wp-json\/wp\/v2\/users\/1"}],"replies":[{"embeddable":true,"href":"https:\/\/boubou23.com\/accueil\/wp-json\/wp\/v2\/comments?post=19"}],"version-history":[{"count":7,"href":"https:\/\/boubou23.com\/accueil\/wp-json\/wp\/v2\/pages\/19\/revisions"}],"predecessor-version":[{"id":1735,"href":"https:\/\/boubou23.com\/accueil\/wp-json\/wp\/v2\/pages\/19\/revisions\/1735"}],"wp:attachment":[{"href":"https:\/\/boubou23.com\/accueil\/wp-json\/wp\/v2\/media?parent=19"}],"curies":[{"name":"wp","href":"https:\/\/api.w.org\/{rel}","templated":true}]}}